{"id":1387,"date":"2019-02-17T10:23:56","date_gmt":"2019-02-17T09:23:56","guid":{"rendered":"https:\/\/www.nevermi.cz\/?page_id=1387"},"modified":"2019-03-04T21:56:07","modified_gmt":"2019-03-04T20:56:07","slug":"produkce","status":"publish","type":"page","link":"https:\/\/www.nevermi.cz\/index.php\/produkce\/","title":{"rendered":"Kontakt"},"content":{"rendered":"<div class=\"fusion-fullwidth fullwidth-box fusion-builder-row-1 nonhundred-percent-fullwidth non-hundred-percent-height-scrolling\" style=\"background-color: rgba(7,7,7,0);background-position: center center;background-repeat: no-repeat;padding-top:0px;padding-right:0px;padding-bottom:0px;padding-left:0px;margin-bottom: 0px;margin-top: 50px;border-width: 0px 0px 0px 0px;border-color:#3e3e3e;border-style:solid;\" ><div class=\"fusion-builder-row fusion-row\"><div class=\"fusion-layout-column fusion_builder_column fusion-builder-column-0 fusion_builder_column_1_4 1_4 fusion-one-fourth fusion-column-first\" style=\"width:25%;width:calc(25% - ( ( 4% + 4% ) * 0.25 ) );margin-right: 4%;margin-top:0px;margin-bottom:20px;\"><div class=\"fusion-column-wrapper fusion-flex-column-wrapper-legacy\" style=\"background-position:left top;background-repeat:no-repeat;-webkit-background-size:cover;-moz-background-size:cover;-o-background-size:cover;background-size:cover;padding: 0px 0px 0px 0px;\"><div class=\"fusion-clearfix\"><\/div><\/div><\/div><div class=\"fusion-layout-column fusion_builder_column fusion-builder-column-1 fusion_builder_column_1_2 1_2 fusion-one-half\" style=\"width:50%;width:calc(50% - ( ( 4% + 4% ) * 0.5 ) );margin-right: 4%;margin-top:0px;margin-bottom:20px;\"><div class=\"fusion-column-wrapper fusion-flex-column-wrapper-legacy\" style=\"background-position:left top;background-repeat:no-repeat;-webkit-background-size:cover;-moz-background-size:cover;-o-background-size:cover;background-size:cover;padding: 0px 0px 0px 0px;\"><div class=\"fusion-person person fusion-person-center fusion-person-1 fusion-person-icon-top\"><div class=\"person-shortcode-image-wrapper\"><div class=\"person-image-container hover-type-none\" style=\"border:0px solid #494848;-webkit-border-radius:0px;-moz-border-radius:0px;border-radius:0px;\"><img decoding=\"async\" class=\"person-img img-responsive wp-image-1623\" width=\"300\" height=\"300\" src=\"https:\/\/www.nevermi.cz\/wp-content\/uploads\/2019\/03\/Libu\u0161e_Rihova-Produkce-300x300.jpg\" alt=\"Libu\u0161e \u0158\u00edhov\u00e1\" srcset=\"https:\/\/www.nevermi.cz\/wp-content\/uploads\/2019\/03\/Libu\u0161e_Rihova-Produkce-200x200.jpg 200w, https:\/\/www.nevermi.cz\/wp-content\/uploads\/2019\/03\/Libu\u0161e_Rihova-Produkce-400x400.jpg 400w, https:\/\/www.nevermi.cz\/wp-content\/uploads\/2019\/03\/Libu\u0161e_Rihova-Produkce.jpg 577w\" sizes=\"(max-width: 1024px) 100vw, 300px\" \/><\/div><\/div><div class=\"person-desc\"><div class=\"person-author\"><div class=\"person-author-wrapper\"><span class=\"person-name\">Libu\u0161e \u0158\u00edhov\u00e1<\/span><span class=\"person-title\">Produk\u010dn\u00ed<\/span><\/div><\/div><div class=\"person-content fusion-clearfix\">Tel.: 00420 724 050 057<br \/>\n<a href=\"mailto:rihova@hederaspa.cz\">rihova@hederaspa.cz<\/a><\/div><\/div><\/div><div class=\"fusion-clearfix\"><\/div><\/div><\/div><div class=\"fusion-layout-column fusion_builder_column fusion-builder-column-2 fusion_builder_column_1_4 1_4 fusion-one-fourth fusion-column-last\" style=\"width:25%;width:calc(25% - ( ( 4% + 4% ) * 0.25 ) );margin-top:0px;margin-bottom:20px;\"><div class=\"fusion-column-wrapper fusion-flex-column-wrapper-legacy\" style=\"background-position:left top;background-repeat:no-repeat;-webkit-background-size:cover;-moz-background-size:cover;-o-background-size:cover;background-size:cover;padding: 0px 0px 0px 0px;\"><div class=\"fusion-clearfix\"><\/div><\/div><\/div><\/div><\/div>\n","protected":false},"excerpt":{"rendered":"","protected":false},"author":2,"featured_media":0,"parent":0,"menu_order":0,"comment_status":"closed","ping_status":"closed","template":"","meta":{"footnotes":""},"class_list":["post-1387","page","type-page","status-publish","hentry"],"_links":{"self":[{"href":"https:\/\/www.nevermi.cz\/index.php\/wp-json\/wp\/v2\/pages\/1387","targetHints":{"allow":["GET"]}}],"collection":[{"href":"https:\/\/www.nevermi.cz\/index.php\/wp-json\/wp\/v2\/pages"}],"about":[{"href":"https:\/\/www.nevermi.cz\/index.php\/wp-json\/wp\/v2\/types\/page"}],"author":[{"embeddable":true,"href":"https:\/\/www.nevermi.cz\/index.php\/wp-json\/wp\/v2\/users\/2"}],"replies":[{"embeddable":true,"href":"https:\/\/www.nevermi.cz\/index.php\/wp-json\/wp\/v2\/comments?post=1387"}],"version-history":[{"count":14,"href":"https:\/\/www.nevermi.cz\/index.php\/wp-json\/wp\/v2\/pages\/1387\/revisions"}],"predecessor-version":[{"id":1669,"href":"https:\/\/www.nevermi.cz\/index.php\/wp-json\/wp\/v2\/pages\/1387\/revisions\/1669"}],"wp:attachment":[{"href":"https:\/\/www.nevermi.cz\/index.php\/wp-json\/wp\/v2\/media?parent=1387"}],"curies":[{"name":"wp","href":"https:\/\/api.w.org\/{rel}","templated":true}]}}