{"id":1575,"date":"2019-02-21T20:32:22","date_gmt":"2019-02-21T19:32:22","guid":{"rendered":"https:\/\/www.nevermi.cz\/?page_id=1575"},"modified":"2019-03-04T22:02:20","modified_gmt":"2019-03-04T21:02:20","slug":"napsali-o-nas","status":"publish","type":"page","link":"https:\/\/www.nevermi.cz\/index.php\/napsali-o-nas\/","title":{"rendered":"Napsali o n\u00e1s"},"content":{"rendered":"<p><div class=\"fusion-fullwidth fullwidth-box fusion-builder-row-1 nonhundred-percent-fullwidth non-hundred-percent-height-scrolling\" style=\"background-color: rgba(36,36,36,0);background-position: center center;background-repeat: no-repeat;padding-top:0px;padding-right:0px;padding-bottom:0px;padding-left:0px;margin-bottom: 30px;margin-top: 0px;border-width: 0px 0px 0px 0px;border-color:#3e3e3e;border-style:solid;\" ><div class=\"fusion-builder-row fusion-row\"><div class=\"fusion-layout-column fusion_builder_column fusion-builder-column-0 fusion_builder_column_1_1 1_1 fusion-one-full fusion-column-first fusion-column-last\" style=\"margin-top:0px;margin-bottom:20px;\"><div class=\"fusion-column-wrapper fusion-flex-column-wrapper-legacy\" style=\"background-position:left top;background-repeat:no-repeat;-webkit-background-size:cover;-moz-background-size:cover;-o-background-size:cover;background-size:cover;padding: 50px 0px 0px 0px;\"><div class=\"fusion-text fusion-text-1\"><h1 style=\"text-align: center;\">Napsali o N\u00e1s<\/h1>\n<\/div><div class=\"fusion-clearfix\"><\/div><\/div><\/div><\/div><\/div><div class=\"fusion-fullwidth fullwidth-box fusion-builder-row-2 nonhundred-percent-fullwidth non-hundred-percent-height-scrolling\" style=\"background-color: rgba(36,36,36,0);background-position: center center;background-repeat: no-repeat;padding-top:0px;padding-right:0px;padding-bottom:0px;padding-left:0px;margin-bottom: 0px;margin-top: 0px;border-width: 0px 0px 0px 0px;border-color:#3e3e3e;border-style:solid;\" ><div class=\"fusion-builder-row fusion-row\"><div class=\"fusion-layout-column fusion_builder_column fusion-builder-column-1 fusion_builder_column_1_2 1_2 fusion-one-half fusion-column-first\" style=\"width:50%;width:calc(50% - ( ( 4% ) * 0.5 ) );margin-right: 4%;margin-top:0px;margin-bottom:20px;\"><div class=\"fusion-column-wrapper fusion-flex-column-wrapper-legacy\" style=\"background-position:left top;background-repeat:no-repeat;-webkit-background-size:cover;-moz-background-size:cover;-o-background-size:cover;background-size:cover;padding: 0px 0px 0px 0px;\"><div class=\"imageframe-align-center\"><span class=\" fusion-imageframe imageframe-none imageframe-1 hover-type-none\"><img decoding=\"async\" width=\"350\" height=\"99\" title=\"MaxibulvarCZ\" src=\"https:\/\/www.nevermi.cz\/wp-content\/uploads\/2019\/02\/MaxibulvarCZ-1.png\" class=\"img-responsive wp-image-1567\" srcset=\"https:\/\/www.nevermi.cz\/wp-content\/uploads\/2019\/02\/MaxibulvarCZ-1-200x57.png 200w, https:\/\/www.nevermi.cz\/wp-content\/uploads\/2019\/02\/MaxibulvarCZ-1.png 350w\" sizes=\"(max-width: 1024px) 100vw, 350px\" \/><\/span><\/div><div class=\"fusion-text fusion-text-2\"><h4 style=\"padding-left: 30px; text-align: center;\">Z traileru filmu (Ne)V\u011b\u0159 mi! mraz\u00ed. Nen\u00ed to poh\u00e1dka, \u0159\u00edk\u00e1 s \u00fasm\u011bvem \u0161estn\u00e1ctilet\u00fd re\u017eis\u00e9r<\/h4>\n<p style=\"padding-left: 30px; text-align: center;\">Kdy\u017e dosp\u011bl\u00ed to\u010d\u00ed film ze studentsk\u00e9ho prost\u0159ed\u00ed, v\u00a099 % z\u00a0toho vyjde \u00fasm\u011bvn\u00e1 komedie pln\u00e1 vesel\u00e9ho&#8230; (<a href=\"https:\/\/www.blesk.cz\/clanek\/celebrity-serialy-filmy-kino-a-tv\/592473\/z-traileru-filmu-ne-ver-mi-mrazi-neni-to-pohadka-rika-s-usmevem-sestnactilety-reziser.html\">v\u00edce zde<\/a>)<\/p>\n<\/div><div class=\"fusion-clearfix\"><\/div><\/div><\/div><div class=\"fusion-layout-column fusion_builder_column fusion-builder-column-2 fusion_builder_column_1_2 1_2 fusion-one-half fusion-column-last\" style=\"width:50%;width:calc(50% - ( ( 4% ) * 0.5 ) );margin-top:0px;margin-bottom:20px;\"><div class=\"fusion-column-wrapper fusion-flex-column-wrapper-legacy\" style=\"background-position:left top;background-repeat:no-repeat;-webkit-background-size:cover;-moz-background-size:cover;-o-background-size:cover;background-size:cover;padding: 0px 0px 0px 0px;\"><div class=\"imageframe-align-center\"><span class=\" fusion-imageframe imageframe-none imageframe-2 hover-type-none\"><img decoding=\"async\" width=\"350\" height=\"99\" title=\"MaxibulvarCZ\" src=\"https:\/\/www.nevermi.cz\/wp-content\/uploads\/2019\/02\/MaxibulvarCZ-1.png\" class=\"img-responsive wp-image-1567\" srcset=\"https:\/\/www.nevermi.cz\/wp-content\/uploads\/2019\/02\/MaxibulvarCZ-1-200x57.png 200w, https:\/\/www.nevermi.cz\/wp-content\/uploads\/2019\/02\/MaxibulvarCZ-1.png 350w\" sizes=\"(max-width: 1024px) 100vw, 350px\" \/><\/span><\/div><div class=\"fusion-text fusion-text-3\"><h4 style=\"padding-left: 30px; text-align: center;\">\u0160estn\u00e1ctilet\u00fd student konzervato\u0159e nato\u010dil film: (Ne)v\u011b\u0159 mi! \u0159\u00edk\u00e1 Tade\u00e1\u0161 \u0158\u00edha<\/h4>\n<p style=\"padding-left: 30px; text-align: center;\">Jak\u00fd je \u017eivot \u010desk\u00fdch st\u0159edo\u0161kol\u00e1k\u016f, kdy\u017e se dosp\u011bl\u00ed ned\u00edvaj\u00ed? Teprve \u0161estn\u00e1ctilet\u00fd student konzervato\u0159e v\u00a0Praze Tade\u00e1\u0161 \u0158\u00edha s&#8230; (<a href=\"https:\/\/www.blesk.cz\/clanek\/celebrity-serialy-filmy-kino-a-tv\/572595\/sestnactilety-student-konzervatore-natocil-film-ne-ver-mi-rika-tadeas-riha.html\">v\u00edce zde<\/a>)<\/p>\n<\/div><div class=\"fusion-clearfix\"><\/div><\/div><\/div><\/div><\/div><div class=\"fusion-fullwidth fullwidth-box fusion-builder-row-3 nonhundred-percent-fullwidth non-hundred-percent-height-scrolling\" style=\"background-color: rgba(36,36,36,0.01);background-position: center center;background-repeat: no-repeat;padding-top:0px;padding-right:0px;padding-bottom:0px;padding-left:0px;margin-bottom: 0px;margin-top: 0px;border-width: 0px 0px 0px 0px;border-color:#3e3e3e;border-style:solid;\" ><div class=\"fusion-builder-row fusion-row\"><div class=\"fusion-layout-column fusion_builder_column fusion-builder-column-3 fusion_builder_column_1_2 1_2 fusion-one-half fusion-column-first\" style=\"width:50%;width:calc(50% - ( ( 4% ) * 0.5 ) );margin-right: 4%;margin-top:0px;margin-bottom:20px;\"><div class=\"fusion-column-wrapper fusion-flex-column-wrapper-legacy\" style=\"background-position:left top;background-repeat:no-repeat;-webkit-background-size:cover;-moz-background-size:cover;-o-background-size:cover;background-size:cover;padding: 0px 0px 0px 0px;\"><div class=\"imageframe-align-center\"><span class=\" fusion-imageframe imageframe-none imageframe-3 hover-type-none\"><img decoding=\"async\" width=\"350\" height=\"99\" title=\"MaxibulvarCZred\" src=\"https:\/\/www.nevermi.cz\/wp-content\/uploads\/2019\/02\/MaxibulvarCZred-1.png\" class=\"img-responsive wp-image-1566\" srcset=\"https:\/\/www.nevermi.cz\/wp-content\/uploads\/2019\/02\/MaxibulvarCZred-1-200x57.png 200w, https:\/\/www.nevermi.cz\/wp-content\/uploads\/2019\/02\/MaxibulvarCZred-1.png 350w\" sizes=\"(max-width: 1024px) 100vw, 350px\" \/><\/span><\/div><div class=\"fusion-text fusion-text-4\"><h4 style=\"padding-left: 30px; text-align: center;\">Jeden z nejtalentovan\u011bj\u0161\u00edch \u010desk\u00fdch herc\u016f Tade\u00e1\u0161 \u0158\u00edha se vy\u017e\u00edv\u00e1 v z\u00e1porn\u00fdch rol\u00edch!<\/h4>\n<p style=\"padding-left: 30px; text-align: center;\">U\u017e te\u010f jasn\u00e9, \u017ee Tade\u00e1\u0161 \u0158\u00edh\u00e1 pat\u0159\u00ed mezi budouc\u00ed \u010desk\u00e9 hereck\u00e9 hv\u011bzdy! Nejen, \u017ee \u00fasp\u011b\u0161n\u011b studuje herectv\u00ed na Mezin\u00e1rodn\u00ed konzervato\u0159i v Praze&#8230; (<a href=\"http:\/\/www.blesk.cz\/clanek\/celebrity-serialy-filmy-kino-a-tv\/572595\/sestnactilety-student-konzervatore-natocil-film-ne-ver-mi-rika-tadeas-riha.html\">v\u00edce zde<\/a>)<\/p>\n<\/div><div class=\"fusion-clearfix\"><\/div><\/div><\/div><div class=\"fusion-layout-column fusion_builder_column fusion-builder-column-4 fusion_builder_column_1_2 1_2 fusion-one-half fusion-column-last\" style=\"width:50%;width:calc(50% - ( ( 4% ) * 0.5 ) );margin-top:0px;margin-bottom:20px;\"><div class=\"fusion-column-wrapper fusion-flex-column-wrapper-legacy\" style=\"background-position:left top;background-repeat:no-repeat;-webkit-background-size:cover;-moz-background-size:cover;-o-background-size:cover;background-size:cover;padding: 0px 0px 0px 0px;\"><div class=\"imageframe-align-center\"><span class=\" fusion-imageframe imageframe-none imageframe-4 hover-type-none\"><img decoding=\"async\" width=\"350\" height=\"99\" title=\"MaxibulvarCZred\" src=\"https:\/\/www.nevermi.cz\/wp-content\/uploads\/2019\/02\/MaxibulvarCZred-1.png\" class=\"img-responsive wp-image-1566\" srcset=\"https:\/\/www.nevermi.cz\/wp-content\/uploads\/2019\/02\/MaxibulvarCZred-1-200x57.png 200w, https:\/\/www.nevermi.cz\/wp-content\/uploads\/2019\/02\/MaxibulvarCZred-1.png 350w\" sizes=\"(max-width: 1024px) 100vw, 350px\" \/><\/span><\/div><div class=\"fusion-text fusion-text-5\"><h4 style=\"padding-left: 30px; text-align: center;\">Talentovan\u00fd herec Tade\u00e1\u0161 \u0158\u00edha se prom\u011bnil v re\u017eis\u00e9ra! Te\u010f se chyst\u00e1 na premi\u00e9ru sv\u00e9ho filmu!<\/h4>\n<p style=\"padding-left: 30px; text-align: center;\">Odraz spole\u010dnosti jsou na\u0161e d\u011bti, ale jak\u00e9 ty d\u011bti skute\u010dn\u011b jsou?\u00a0L\u00e1ska, zrada, manipulace, pomsta&#8230; (<a href=\"http:\/\/maxibulvar.cz\/hvezdne-afery\/talentovany-herec-tadeas-riha-se-promenil-rezisera-ted-se-chysta-premieru-sveho-filmu\">v\u00edce zde<\/a>)<\/p>\n<\/div><div class=\"fusion-clearfix\"><\/div><\/div><\/div><\/div><\/div><div class=\"fusion-fullwidth fullwidth-box fusion-builder-row-4 nonhundred-percent-fullwidth non-hundred-percent-height-scrolling\" style=\"background-color: rgba(36,36,36,0.01);background-position: center center;background-repeat: no-repeat;padding-top:0px;padding-right:0px;padding-bottom:0px;padding-left:0px;margin-bottom: 0px;margin-top: 0px;border-width: 0px 0px 0px 0px;border-color:#3e3e3e;border-style:solid;\" ><div class=\"fusion-builder-row fusion-row\"><div class=\"fusion-layout-column fusion_builder_column fusion-builder-column-5 fusion_builder_column_1_2 1_2 fusion-one-half fusion-column-first\" style=\"width:50%;width:calc(50% - ( ( 4% ) * 0.5 ) );margin-right: 4%;margin-top:0px;margin-bottom:20px;\"><div class=\"fusion-column-wrapper fusion-flex-column-wrapper-legacy\" style=\"background-position:left top;background-repeat:no-repeat;-webkit-background-size:cover;-moz-background-size:cover;-o-background-size:cover;background-size:cover;padding: 0px 0px 0px 0px;\"><div class=\"imageframe-align-center\"><span class=\" fusion-imageframe imageframe-none imageframe-5 hover-type-none\"><img decoding=\"async\" width=\"283\" height=\"170\" title=\"Statuss magazine\" src=\"https:\/\/www.nevermi.cz\/wp-content\/uploads\/2019\/02\/Statuss-magazine.png\" class=\"img-responsive wp-image-1372\" srcset=\"https:\/\/www.nevermi.cz\/wp-content\/uploads\/2019\/02\/Statuss-magazine-200x120.png 200w, https:\/\/www.nevermi.cz\/wp-content\/uploads\/2019\/02\/Statuss-magazine.png 283w\" sizes=\"(max-width: 1024px) 100vw, 283px\" \/><\/span><\/div><div class=\"fusion-text fusion-text-6\"><h4 style=\"padding-left: 30px; text-align: center;\"><em>Mlad\u00fd talentovan\u00fd herec a re\u017eis\u00e9r Tade\u00e1\u0161 \u0158\u00edha, kter\u00fd v Praze studuje na Mezin\u00e1rodn\u00ed konzervato\u0159i, v pouh\u00fdch 16 letech nato\u010dil sv\u016fj prvn\u00ed film. Nyn\u00ed n\u00e1m poskytl exkluzivn\u00ed rozhovor ohledn\u011b sv\u00e9ho filmu, jen\u017e by m\u011bl m\u00edt premi\u00e9ru p\u0159\u00ed\u0161t\u00ed rok na ja\u0159e.<br \/>\n<\/em><\/h4>\n<p style=\"padding-left: 30px; text-align: center;\"><strong>Napsal jste u\u017e n\u011bkdy n\u011bco? <\/strong><\/p>\n<p style=\"padding-left: 30px; text-align: center;\">P\u00e1r sc\u00e9n\u00e1\u0159\u016f napsan\u00fdch m\u00e1m, ale tento film je prvn\u00ed.. (<a href=\"http:\/\/statuss.cz\/cz\/film-tadease-rihy-o-zivote-ceskych-stredoskolaku\/\">v\u00edce zde<\/a>)<\/p>\n<\/div><div class=\"fusion-clearfix\"><\/div><\/div><\/div><div class=\"fusion-layout-column fusion_builder_column fusion-builder-column-6 fusion_builder_column_1_2 1_2 fusion-one-half fusion-column-last\" style=\"width:50%;width:calc(50% - ( ( 4% ) * 0.5 ) );margin-top:0px;margin-bottom:20px;\"><div class=\"fusion-column-wrapper fusion-flex-column-wrapper-legacy\" style=\"background-position:left top;background-repeat:no-repeat;-webkit-background-size:cover;-moz-background-size:cover;-o-background-size:cover;background-size:cover;padding: 0px 0px 0px 0px;\"><div class=\"fusion-clearfix\"><\/div><\/div><\/div><\/div><\/div><\/p>\n","protected":false},"excerpt":{"rendered":"","protected":false},"author":2,"featured_media":0,"parent":0,"menu_order":0,"comment_status":"closed","ping_status":"closed","template":"","meta":{"footnotes":""},"class_list":["post-1575","page","type-page","status-publish","hentry"],"_links":{"self":[{"href":"https:\/\/www.nevermi.cz\/index.php\/wp-json\/wp\/v2\/pages\/1575","targetHints":{"allow":["GET"]}}],"collection":[{"href":"https:\/\/www.nevermi.cz\/index.php\/wp-json\/wp\/v2\/pages"}],"about":[{"href":"https:\/\/www.nevermi.cz\/index.php\/wp-json\/wp\/v2\/types\/page"}],"author":[{"embeddable":true,"href":"https:\/\/www.nevermi.cz\/index.php\/wp-json\/wp\/v2\/users\/2"}],"replies":[{"embeddable":true,"href":"https:\/\/www.nevermi.cz\/index.php\/wp-json\/wp\/v2\/comments?post=1575"}],"version-history":[{"count":22,"href":"https:\/\/www.nevermi.cz\/index.php\/wp-json\/wp\/v2\/pages\/1575\/revisions"}],"predecessor-version":[{"id":1672,"href":"https:\/\/www.nevermi.cz\/index.php\/wp-json\/wp\/v2\/pages\/1575\/revisions\/1672"}],"wp:attachment":[{"href":"https:\/\/www.nevermi.cz\/index.php\/wp-json\/wp\/v2\/media?parent=1575"}],"curies":[{"name":"wp","href":"https:\/\/api.w.org\/{rel}","templated":true}]}}