{"id":1728,"date":"2019-03-06T12:09:10","date_gmt":"2019-03-06T11:09:10","guid":{"rendered":"https:\/\/www.nevermi.cz\/?page_id=1728"},"modified":"2019-03-06T12:09:41","modified_gmt":"2019-03-06T11:09:41","slug":"momentky-natacime-nenatacime","status":"publish","type":"page","link":"https:\/\/www.nevermi.cz\/index.php\/fotogalerie\/momentky-natacime-nenatacime\/","title":{"rendered":"Momentky &#8211; Nat\u00e1\u010d\u00edme &#8211; Nenat\u00e1\u010d\u00edme"},"content":{"rendered":"<div class=\"fusion-fullwidth fullwidth-box fusion-builder-row-1 nonhundred-percent-fullwidth non-hundred-percent-height-scrolling\" style=\"background-color: #242424;background-position: center center;background-repeat: no-repeat;padding-top:0px;padding-right:0px;padding-bottom:0px;padding-left:0px;margin-bottom: 0px;margin-top: 0px;border-width: 0px 0px 0px 0px;border-color:#3e3e3e;border-style:solid;\" ><div class=\"fusion-builder-row fusion-row\"><div class=\"fusion-layout-column fusion_builder_column fusion-builder-column-0 fusion_builder_column_1_1 1_1 fusion-one-full fusion-column-first fusion-column-last\" style=\"margin-top:0px;margin-bottom:20px;\"><div class=\"fusion-column-wrapper fusion-flex-column-wrapper-legacy\" style=\"background-position:left top;background-repeat:no-repeat;-webkit-background-size:cover;-moz-background-size:cover;-o-background-size:cover;background-size:cover;padding: 0px 0px 0px 0px;\"><div class=\"fusion-text fusion-text-1\"><h3 style=\"text-align: center;\"><strong>Nat\u00e1\u010dec\u00ed den, Kade\u0159nictv\u00ed u Blon\u010f\u00e1ka<\/strong><\/h3>\n<\/div><style type=\"text\/css\">.fusion-gallery-1 .fusion-gallery-image {border:0px solid #f6f6f6;}<\/style><div class=\"fusion-gallery fusion-gallery-container fusion-grid-4 fusion-columns-total-16 fusion-gallery-layout-grid fusion-gallery-1\" style=\"margin:-5px;\"><div style=\"padding:5px;\" class=\"fusion-grid-column fusion-gallery-column fusion-gallery-column-4 hover-type-none\"><div class=\"fusion-gallery-image\"><a href=\"https:\/\/www.nevermi.cz\/wp-content\/uploads\/2019\/03\/B4A5124.jpg\" rel=\"noreferrer\" data-rel=\"iLightbox[gallery_image_1]\" class=\"fusion-lightbox\" target=\"_self\"><img decoding=\"async\" src=\"https:\/\/www.nevermi.cz\/wp-content\/uploads\/2019\/03\/B4A5124.jpg\" width=\"1200\" height=\"1500\" alt=\"\" title=\"_B4A5124\" aria-label=\"_B4A5124\" class=\"img-responsive wp-image-1729\" srcset=\"https:\/\/www.nevermi.cz\/wp-content\/uploads\/2019\/03\/B4A5124-200x250.jpg 200w, https:\/\/www.nevermi.cz\/wp-content\/uploads\/2019\/03\/B4A5124-400x500.jpg 400w, https:\/\/www.nevermi.cz\/wp-content\/uploads\/2019\/03\/B4A5124-600x750.jpg 600w, https:\/\/www.nevermi.cz\/wp-content\/uploads\/2019\/03\/B4A5124-800x1000.jpg 800w, https:\/\/www.nevermi.cz\/wp-content\/uploads\/2019\/03\/B4A5124.jpg 1200w\" sizes=\"(min-width: 2200px) 100vw, (min-width: 1120px) 289px, (min-width: 960px) 385px, (min-width: 800px) 578px, (min-width: 640px) 800px, \" \/><\/a><\/div><\/div><div style=\"padding:5px;\" class=\"fusion-grid-column fusion-gallery-column fusion-gallery-column-4 hover-type-none\"><div class=\"fusion-gallery-image\"><a href=\"https:\/\/www.nevermi.cz\/wp-content\/uploads\/2019\/03\/B4A5135.jpg\" rel=\"noreferrer\" data-rel=\"iLightbox[gallery_image_1]\" class=\"fusion-lightbox\" target=\"_self\"><img decoding=\"async\" src=\"https:\/\/www.nevermi.cz\/wp-content\/uploads\/2019\/03\/B4A5135.jpg\" width=\"1500\" height=\"1200\" alt=\"\" title=\"_B4A5135\" aria-label=\"_B4A5135\" class=\"img-responsive wp-image-1730\" srcset=\"https:\/\/www.nevermi.cz\/wp-content\/uploads\/2019\/03\/B4A5135-200x160.jpg 200w, https:\/\/www.nevermi.cz\/wp-content\/uploads\/2019\/03\/B4A5135-400x320.jpg 400w, https:\/\/www.nevermi.cz\/wp-content\/uploads\/2019\/03\/B4A5135-600x480.jpg 600w, https:\/\/www.nevermi.cz\/wp-content\/uploads\/2019\/03\/B4A5135-800x640.jpg 800w, https:\/\/www.nevermi.cz\/wp-content\/uploads\/2019\/03\/B4A5135-1200x960.jpg 1200w, https:\/\/www.nevermi.cz\/wp-content\/uploads\/2019\/03\/B4A5135.jpg 1500w\" sizes=\"(min-width: 2200px) 100vw, (min-width: 1120px) 289px, (min-width: 960px) 385px, (min-width: 800px) 578px, (min-width: 640px) 800px, \" \/><\/a><\/div><\/div><div style=\"padding:5px;\" class=\"fusion-grid-column fusion-gallery-column fusion-gallery-column-4 hover-type-none\"><div class=\"fusion-gallery-image\"><a href=\"https:\/\/www.nevermi.cz\/wp-content\/uploads\/2019\/03\/02-1.jpg\" rel=\"noreferrer\" data-rel=\"iLightbox[gallery_image_1]\" class=\"fusion-lightbox\" target=\"_self\"><img decoding=\"async\" src=\"https:\/\/www.nevermi.cz\/wp-content\/uploads\/2019\/03\/02-1.jpg\" width=\"1200\" height=\"1500\" alt=\"\" title=\"02\" aria-label=\"02\" class=\"img-responsive wp-image-1731\" srcset=\"https:\/\/www.nevermi.cz\/wp-content\/uploads\/2019\/03\/02-1-200x250.jpg 200w, https:\/\/www.nevermi.cz\/wp-content\/uploads\/2019\/03\/02-1-400x500.jpg 400w, https:\/\/www.nevermi.cz\/wp-content\/uploads\/2019\/03\/02-1-600x750.jpg 600w, https:\/\/www.nevermi.cz\/wp-content\/uploads\/2019\/03\/02-1-800x1000.jpg 800w, https:\/\/www.nevermi.cz\/wp-content\/uploads\/2019\/03\/02-1.jpg 1200w\" sizes=\"(min-width: 2200px) 100vw, (min-width: 1120px) 289px, (min-width: 960px) 385px, (min-width: 800px) 578px, (min-width: 640px) 800px, \" \/><\/a><\/div><\/div><div style=\"padding:5px;\" class=\"fusion-grid-column fusion-gallery-column fusion-gallery-column-4 hover-type-none\"><div class=\"fusion-gallery-image\"><a href=\"https:\/\/www.nevermi.cz\/wp-content\/uploads\/2019\/03\/03-1.jpg\" rel=\"noreferrer\" data-rel=\"iLightbox[gallery_image_1]\" class=\"fusion-lightbox\" target=\"_self\"><img decoding=\"async\" src=\"https:\/\/www.nevermi.cz\/wp-content\/uploads\/2019\/03\/03-1.jpg\" width=\"1200\" height=\"1500\" alt=\"\" title=\"03\" aria-label=\"03\" class=\"img-responsive wp-image-1732\" srcset=\"https:\/\/www.nevermi.cz\/wp-content\/uploads\/2019\/03\/03-1-200x250.jpg 200w, https:\/\/www.nevermi.cz\/wp-content\/uploads\/2019\/03\/03-1-400x500.jpg 400w, https:\/\/www.nevermi.cz\/wp-content\/uploads\/2019\/03\/03-1-600x750.jpg 600w, https:\/\/www.nevermi.cz\/wp-content\/uploads\/2019\/03\/03-1-800x1000.jpg 800w, https:\/\/www.nevermi.cz\/wp-content\/uploads\/2019\/03\/03-1.jpg 1200w\" sizes=\"(min-width: 2200px) 100vw, (min-width: 1120px) 289px, (min-width: 960px) 385px, (min-width: 800px) 578px, (min-width: 640px) 800px, \" \/><\/a><\/div><\/div><div class=\"clearfix\"><\/div><div style=\"padding:5px;\" class=\"fusion-grid-column fusion-gallery-column fusion-gallery-column-4 hover-type-none\"><div class=\"fusion-gallery-image\"><a href=\"https:\/\/www.nevermi.cz\/wp-content\/uploads\/2019\/03\/04-1.jpg\" rel=\"noreferrer\" data-rel=\"iLightbox[gallery_image_1]\" class=\"fusion-lightbox\" target=\"_self\"><img decoding=\"async\" src=\"https:\/\/www.nevermi.cz\/wp-content\/uploads\/2019\/03\/04-1.jpg\" width=\"1200\" height=\"1500\" alt=\"\" title=\"04\" aria-label=\"04\" class=\"img-responsive wp-image-1733\" srcset=\"https:\/\/www.nevermi.cz\/wp-content\/uploads\/2019\/03\/04-1-200x250.jpg 200w, https:\/\/www.nevermi.cz\/wp-content\/uploads\/2019\/03\/04-1-400x500.jpg 400w, https:\/\/www.nevermi.cz\/wp-content\/uploads\/2019\/03\/04-1-600x750.jpg 600w, https:\/\/www.nevermi.cz\/wp-content\/uploads\/2019\/03\/04-1-800x1000.jpg 800w, https:\/\/www.nevermi.cz\/wp-content\/uploads\/2019\/03\/04-1.jpg 1200w\" sizes=\"(min-width: 2200px) 100vw, (min-width: 1120px) 289px, (min-width: 960px) 385px, (min-width: 800px) 578px, (min-width: 640px) 800px, \" \/><\/a><\/div><\/div><div style=\"padding:5px;\" class=\"fusion-grid-column fusion-gallery-column fusion-gallery-column-4 hover-type-none\"><div class=\"fusion-gallery-image\"><a href=\"https:\/\/www.nevermi.cz\/wp-content\/uploads\/2019\/03\/05-1.jpg\" rel=\"noreferrer\" data-rel=\"iLightbox[gallery_image_1]\" class=\"fusion-lightbox\" target=\"_self\"><img decoding=\"async\" src=\"https:\/\/www.nevermi.cz\/wp-content\/uploads\/2019\/03\/05-1.jpg\" width=\"1200\" height=\"1500\" alt=\"\" title=\"05\" aria-label=\"05\" class=\"img-responsive wp-image-1734\" srcset=\"https:\/\/www.nevermi.cz\/wp-content\/uploads\/2019\/03\/05-1-200x250.jpg 200w, https:\/\/www.nevermi.cz\/wp-content\/uploads\/2019\/03\/05-1-400x500.jpg 400w, https:\/\/www.nevermi.cz\/wp-content\/uploads\/2019\/03\/05-1-600x750.jpg 600w, https:\/\/www.nevermi.cz\/wp-content\/uploads\/2019\/03\/05-1-800x1000.jpg 800w, https:\/\/www.nevermi.cz\/wp-content\/uploads\/2019\/03\/05-1.jpg 1200w\" sizes=\"(min-width: 2200px) 100vw, (min-width: 1120px) 289px, (min-width: 960px) 385px, (min-width: 800px) 578px, (min-width: 640px) 800px, \" \/><\/a><\/div><\/div><div style=\"padding:5px;\" class=\"fusion-grid-column fusion-gallery-column fusion-gallery-column-4 hover-type-none\"><div class=\"fusion-gallery-image\"><a href=\"https:\/\/www.nevermi.cz\/wp-content\/uploads\/2019\/03\/06.jpg\" rel=\"noreferrer\" data-rel=\"iLightbox[gallery_image_1]\" class=\"fusion-lightbox\" target=\"_self\"><img decoding=\"async\" src=\"https:\/\/www.nevermi.cz\/wp-content\/uploads\/2019\/03\/06.jpg\" width=\"1200\" height=\"1500\" alt=\"\" title=\"06\" aria-label=\"06\" class=\"img-responsive wp-image-1735\" srcset=\"https:\/\/www.nevermi.cz\/wp-content\/uploads\/2019\/03\/06-200x250.jpg 200w, https:\/\/www.nevermi.cz\/wp-content\/uploads\/2019\/03\/06-400x500.jpg 400w, https:\/\/www.nevermi.cz\/wp-content\/uploads\/2019\/03\/06-600x750.jpg 600w, https:\/\/www.nevermi.cz\/wp-content\/uploads\/2019\/03\/06-800x1000.jpg 800w, https:\/\/www.nevermi.cz\/wp-content\/uploads\/2019\/03\/06.jpg 1200w\" sizes=\"(min-width: 2200px) 100vw, (min-width: 1120px) 289px, (min-width: 960px) 385px, (min-width: 800px) 578px, (min-width: 640px) 800px, \" \/><\/a><\/div><\/div><div style=\"padding:5px;\" class=\"fusion-grid-column fusion-gallery-column fusion-gallery-column-4 hover-type-none\"><div class=\"fusion-gallery-image\"><a href=\"https:\/\/www.nevermi.cz\/wp-content\/uploads\/2019\/03\/07-1.jpg\" rel=\"noreferrer\" data-rel=\"iLightbox[gallery_image_1]\" class=\"fusion-lightbox\" target=\"_self\"><img decoding=\"async\" src=\"https:\/\/www.nevermi.cz\/wp-content\/uploads\/2019\/03\/07-1.jpg\" width=\"1500\" height=\"1200\" alt=\"\" title=\"07\" aria-label=\"07\" class=\"img-responsive wp-image-1736\" srcset=\"https:\/\/www.nevermi.cz\/wp-content\/uploads\/2019\/03\/07-1-200x160.jpg 200w, https:\/\/www.nevermi.cz\/wp-content\/uploads\/2019\/03\/07-1-400x320.jpg 400w, https:\/\/www.nevermi.cz\/wp-content\/uploads\/2019\/03\/07-1-600x480.jpg 600w, https:\/\/www.nevermi.cz\/wp-content\/uploads\/2019\/03\/07-1-800x640.jpg 800w, https:\/\/www.nevermi.cz\/wp-content\/uploads\/2019\/03\/07-1-1200x960.jpg 1200w, https:\/\/www.nevermi.cz\/wp-content\/uploads\/2019\/03\/07-1.jpg 1500w\" sizes=\"(min-width: 2200px) 100vw, (min-width: 1120px) 289px, (min-width: 960px) 385px, (min-width: 800px) 578px, (min-width: 640px) 800px, \" \/><\/a><\/div><\/div><div class=\"clearfix\"><\/div><div style=\"padding:5px;\" class=\"fusion-grid-column fusion-gallery-column fusion-gallery-column-4 hover-type-none\"><div class=\"fusion-gallery-image\"><a href=\"https:\/\/www.nevermi.cz\/wp-content\/uploads\/2019\/03\/08-1.jpg\" rel=\"noreferrer\" data-rel=\"iLightbox[gallery_image_1]\" class=\"fusion-lightbox\" target=\"_self\"><img decoding=\"async\" src=\"https:\/\/www.nevermi.cz\/wp-content\/uploads\/2019\/03\/08-1.jpg\" width=\"1500\" height=\"1200\" alt=\"\" title=\"08\" aria-label=\"08\" class=\"img-responsive wp-image-1737\" srcset=\"https:\/\/www.nevermi.cz\/wp-content\/uploads\/2019\/03\/08-1-200x160.jpg 200w, https:\/\/www.nevermi.cz\/wp-content\/uploads\/2019\/03\/08-1-400x320.jpg 400w, https:\/\/www.nevermi.cz\/wp-content\/uploads\/2019\/03\/08-1-600x480.jpg 600w, https:\/\/www.nevermi.cz\/wp-content\/uploads\/2019\/03\/08-1-800x640.jpg 800w, https:\/\/www.nevermi.cz\/wp-content\/uploads\/2019\/03\/08-1-1200x960.jpg 1200w, https:\/\/www.nevermi.cz\/wp-content\/uploads\/2019\/03\/08-1.jpg 1500w\" sizes=\"(min-width: 2200px) 100vw, (min-width: 1120px) 289px, (min-width: 960px) 385px, (min-width: 800px) 578px, (min-width: 640px) 800px, \" \/><\/a><\/div><\/div><div style=\"padding:5px;\" class=\"fusion-grid-column fusion-gallery-column fusion-gallery-column-4 hover-type-none\"><div class=\"fusion-gallery-image\"><a href=\"https:\/\/www.nevermi.cz\/wp-content\/uploads\/2019\/03\/09-1.jpg\" rel=\"noreferrer\" data-rel=\"iLightbox[gallery_image_1]\" class=\"fusion-lightbox\" target=\"_self\"><img decoding=\"async\" src=\"https:\/\/www.nevermi.cz\/wp-content\/uploads\/2019\/03\/09-1.jpg\" width=\"1500\" height=\"1200\" alt=\"\" title=\"09\" aria-label=\"09\" class=\"img-responsive wp-image-1738\" srcset=\"https:\/\/www.nevermi.cz\/wp-content\/uploads\/2019\/03\/09-1-200x160.jpg 200w, https:\/\/www.nevermi.cz\/wp-content\/uploads\/2019\/03\/09-1-400x320.jpg 400w, https:\/\/www.nevermi.cz\/wp-content\/uploads\/2019\/03\/09-1-600x480.jpg 600w, https:\/\/www.nevermi.cz\/wp-content\/uploads\/2019\/03\/09-1-800x640.jpg 800w, https:\/\/www.nevermi.cz\/wp-content\/uploads\/2019\/03\/09-1-1200x960.jpg 1200w, https:\/\/www.nevermi.cz\/wp-content\/uploads\/2019\/03\/09-1.jpg 1500w\" sizes=\"(min-width: 2200px) 100vw, (min-width: 1120px) 289px, (min-width: 960px) 385px, (min-width: 800px) 578px, (min-width: 640px) 800px, \" \/><\/a><\/div><\/div><div style=\"padding:5px;\" class=\"fusion-grid-column fusion-gallery-column fusion-gallery-column-4 hover-type-none\"><div class=\"fusion-gallery-image\"><a href=\"https:\/\/www.nevermi.cz\/wp-content\/uploads\/2019\/03\/10.jpg\" rel=\"noreferrer\" data-rel=\"iLightbox[gallery_image_1]\" class=\"fusion-lightbox\" target=\"_self\"><img decoding=\"async\" src=\"https:\/\/www.nevermi.cz\/wp-content\/uploads\/2019\/03\/10.jpg\" width=\"1500\" height=\"1200\" alt=\"\" title=\"10\" aria-label=\"10\" class=\"img-responsive wp-image-1739\" srcset=\"https:\/\/www.nevermi.cz\/wp-content\/uploads\/2019\/03\/10-200x160.jpg 200w, https:\/\/www.nevermi.cz\/wp-content\/uploads\/2019\/03\/10-400x320.jpg 400w, https:\/\/www.nevermi.cz\/wp-content\/uploads\/2019\/03\/10-600x480.jpg 600w, https:\/\/www.nevermi.cz\/wp-content\/uploads\/2019\/03\/10-800x640.jpg 800w, https:\/\/www.nevermi.cz\/wp-content\/uploads\/2019\/03\/10-1200x960.jpg 1200w, https:\/\/www.nevermi.cz\/wp-content\/uploads\/2019\/03\/10.jpg 1500w\" sizes=\"(min-width: 2200px) 100vw, (min-width: 1120px) 289px, (min-width: 960px) 385px, (min-width: 800px) 578px, (min-width: 640px) 800px, \" \/><\/a><\/div><\/div><div style=\"padding:5px;\" class=\"fusion-grid-column fusion-gallery-column fusion-gallery-column-4 hover-type-none\"><div class=\"fusion-gallery-image\"><a href=\"https:\/\/www.nevermi.cz\/wp-content\/uploads\/2019\/03\/11.jpg\" rel=\"noreferrer\" data-rel=\"iLightbox[gallery_image_1]\" class=\"fusion-lightbox\" target=\"_self\"><img decoding=\"async\" src=\"https:\/\/www.nevermi.cz\/wp-content\/uploads\/2019\/03\/11.jpg\" width=\"1200\" height=\"1500\" alt=\"\" title=\"11\" aria-label=\"11\" class=\"img-responsive wp-image-1740\" srcset=\"https:\/\/www.nevermi.cz\/wp-content\/uploads\/2019\/03\/11-200x250.jpg 200w, https:\/\/www.nevermi.cz\/wp-content\/uploads\/2019\/03\/11-400x500.jpg 400w, https:\/\/www.nevermi.cz\/wp-content\/uploads\/2019\/03\/11-600x750.jpg 600w, https:\/\/www.nevermi.cz\/wp-content\/uploads\/2019\/03\/11-800x1000.jpg 800w, https:\/\/www.nevermi.cz\/wp-content\/uploads\/2019\/03\/11.jpg 1200w\" sizes=\"(min-width: 2200px) 100vw, (min-width: 1120px) 289px, (min-width: 960px) 385px, (min-width: 800px) 578px, (min-width: 640px) 800px, \" \/><\/a><\/div><\/div><div class=\"clearfix\"><\/div><div style=\"padding:5px;\" class=\"fusion-grid-column fusion-gallery-column fusion-gallery-column-4 hover-type-none\"><div class=\"fusion-gallery-image\"><a href=\"https:\/\/www.nevermi.cz\/wp-content\/uploads\/2019\/03\/12-e1551870671580.jpg\" rel=\"noreferrer\" data-rel=\"iLightbox[gallery_image_1]\" class=\"fusion-lightbox\" target=\"_self\"><img decoding=\"async\" src=\"https:\/\/www.nevermi.cz\/wp-content\/uploads\/2019\/03\/12-e1551870671580.jpg\" width=\"1177\" height=\"1177\" alt=\"\" title=\"12\" aria-label=\"12\" class=\"img-responsive wp-image-1741\" srcset=\"https:\/\/www.nevermi.cz\/wp-content\/uploads\/2019\/03\/12-e1551870671580-200x200.jpg 200w, https:\/\/www.nevermi.cz\/wp-content\/uploads\/2019\/03\/12-e1551870671580-400x400.jpg 400w, https:\/\/www.nevermi.cz\/wp-content\/uploads\/2019\/03\/12-e1551870671580-600x600.jpg 600w, https:\/\/www.nevermi.cz\/wp-content\/uploads\/2019\/03\/12-e1551870671580-800x800.jpg 800w, https:\/\/www.nevermi.cz\/wp-content\/uploads\/2019\/03\/12-e1551870671580.jpg 1177w\" sizes=\"(min-width: 2200px) 100vw, (min-width: 1120px) 289px, (min-width: 960px) 385px, (min-width: 800px) 578px, (min-width: 640px) 800px, \" \/><\/a><\/div><\/div><div style=\"padding:5px;\" class=\"fusion-grid-column fusion-gallery-column fusion-gallery-column-4 hover-type-none\"><div class=\"fusion-gallery-image\"><a href=\"https:\/\/www.nevermi.cz\/wp-content\/uploads\/2019\/03\/13.jpg\" rel=\"noreferrer\" data-rel=\"iLightbox[gallery_image_1]\" class=\"fusion-lightbox\" target=\"_self\"><img decoding=\"async\" src=\"https:\/\/www.nevermi.cz\/wp-content\/uploads\/2019\/03\/13.jpg\" width=\"1200\" height=\"1500\" alt=\"\" title=\"13\" aria-label=\"13\" class=\"img-responsive wp-image-1742\" srcset=\"https:\/\/www.nevermi.cz\/wp-content\/uploads\/2019\/03\/13-200x250.jpg 200w, https:\/\/www.nevermi.cz\/wp-content\/uploads\/2019\/03\/13-400x500.jpg 400w, https:\/\/www.nevermi.cz\/wp-content\/uploads\/2019\/03\/13-600x750.jpg 600w, https:\/\/www.nevermi.cz\/wp-content\/uploads\/2019\/03\/13-800x1000.jpg 800w, https:\/\/www.nevermi.cz\/wp-content\/uploads\/2019\/03\/13.jpg 1200w\" sizes=\"(min-width: 2200px) 100vw, (min-width: 1120px) 289px, (min-width: 960px) 385px, (min-width: 800px) 578px, (min-width: 640px) 800px, \" \/><\/a><\/div><\/div><div style=\"padding:5px;\" class=\"fusion-grid-column fusion-gallery-column fusion-gallery-column-4 hover-type-none\"><div class=\"fusion-gallery-image\"><a href=\"https:\/\/www.nevermi.cz\/wp-content\/uploads\/2019\/03\/14.jpg\" rel=\"noreferrer\" data-rel=\"iLightbox[gallery_image_1]\" class=\"fusion-lightbox\" target=\"_self\"><img decoding=\"async\" src=\"https:\/\/www.nevermi.cz\/wp-content\/uploads\/2019\/03\/14.jpg\" width=\"1200\" height=\"1500\" alt=\"\" title=\"14\" aria-label=\"14\" class=\"img-responsive wp-image-1743\" srcset=\"https:\/\/www.nevermi.cz\/wp-content\/uploads\/2019\/03\/14-200x250.jpg 200w, https:\/\/www.nevermi.cz\/wp-content\/uploads\/2019\/03\/14-400x500.jpg 400w, https:\/\/www.nevermi.cz\/wp-content\/uploads\/2019\/03\/14-600x750.jpg 600w, https:\/\/www.nevermi.cz\/wp-content\/uploads\/2019\/03\/14-800x1000.jpg 800w, https:\/\/www.nevermi.cz\/wp-content\/uploads\/2019\/03\/14.jpg 1200w\" sizes=\"(min-width: 2200px) 100vw, (min-width: 1120px) 289px, (min-width: 960px) 385px, (min-width: 800px) 578px, (min-width: 640px) 800px, \" \/><\/a><\/div><\/div><div style=\"padding:5px;\" class=\"fusion-grid-column fusion-gallery-column fusion-gallery-column-4 hover-type-none\"><div class=\"fusion-gallery-image\"><a href=\"https:\/\/www.nevermi.cz\/wp-content\/uploads\/2019\/03\/15.jpg\" rel=\"noreferrer\" data-rel=\"iLightbox[gallery_image_1]\" class=\"fusion-lightbox\" target=\"_self\"><img decoding=\"async\" src=\"https:\/\/www.nevermi.cz\/wp-content\/uploads\/2019\/03\/15.jpg\" width=\"1200\" height=\"1500\" alt=\"\" title=\"15\" aria-label=\"15\" class=\"img-responsive wp-image-1744\" srcset=\"https:\/\/www.nevermi.cz\/wp-content\/uploads\/2019\/03\/15-200x250.jpg 200w, https:\/\/www.nevermi.cz\/wp-content\/uploads\/2019\/03\/15-400x500.jpg 400w, https:\/\/www.nevermi.cz\/wp-content\/uploads\/2019\/03\/15-600x750.jpg 600w, https:\/\/www.nevermi.cz\/wp-content\/uploads\/2019\/03\/15-800x1000.jpg 800w, https:\/\/www.nevermi.cz\/wp-content\/uploads\/2019\/03\/15.jpg 1200w\" sizes=\"(min-width: 2200px) 100vw, (min-width: 1120px) 289px, (min-width: 960px) 385px, (min-width: 800px) 578px, (min-width: 640px) 800px, \" \/><\/a><\/div><\/div><div class=\"clearfix\"><\/div><\/div><div class=\"fusion-clearfix\"><\/div><\/div><\/div><\/div><\/div>\n","protected":false},"excerpt":{"rendered":"","protected":false},"author":2,"featured_media":0,"parent":16,"menu_order":0,"comment_status":"closed","ping_status":"closed","template":"","meta":{"footnotes":""},"class_list":["post-1728","page","type-page","status-publish","hentry"],"_links":{"self":[{"href":"https:\/\/www.nevermi.cz\/index.php\/wp-json\/wp\/v2\/pages\/1728","targetHints":{"allow":["GET"]}}],"collection":[{"href":"https:\/\/www.nevermi.cz\/index.php\/wp-json\/wp\/v2\/pages"}],"about":[{"href":"https:\/\/www.nevermi.cz\/index.php\/wp-json\/wp\/v2\/types\/page"}],"author":[{"embeddable":true,"href":"https:\/\/www.nevermi.cz\/index.php\/wp-json\/wp\/v2\/users\/2"}],"replies":[{"embeddable":true,"href":"https:\/\/www.nevermi.cz\/index.php\/wp-json\/wp\/v2\/comments?post=1728"}],"version-history":[{"count":1,"href":"https:\/\/www.nevermi.cz\/index.php\/wp-json\/wp\/v2\/pages\/1728\/revisions"}],"predecessor-version":[{"id":1745,"href":"https:\/\/www.nevermi.cz\/index.php\/wp-json\/wp\/v2\/pages\/1728\/revisions\/1745"}],"up":[{"embeddable":true,"href":"https:\/\/www.nevermi.cz\/index.php\/wp-json\/wp\/v2\/pages\/16"}],"wp:attachment":[{"href":"https:\/\/www.nevermi.cz\/index.php\/wp-json\/wp\/v2\/media?parent=1728"}],"curies":[{"name":"wp","href":"https:\/\/api.w.org\/{rel}","templated":true}]}}